{"id":28,"date":"2025-10-23T11:04:37","date_gmt":"2025-10-23T11:04:37","guid":{"rendered":"https:\/\/igrt-lab.i-med.ac.at\/?page_id=28"},"modified":"2025-10-23T11:18:02","modified_gmt":"2025-10-23T11:18:02","slug":"imprint","status":"publish","type":"page","link":"https:\/\/igrt-lab.i-med.ac.at\/index.php\/imprint\/","title":{"rendered":"Imprint"},"content":{"rendered":"\n<h1 class=\"wp-block-heading\" style=\"padding-top:var(--wp--preset--spacing--70)\">Impressum und Offenlegung<\/h1>\n\n\n\n<h4 class=\"wp-block-heading\">Impressum<\/h4>\n\n\n\n<p><strong>Medieninhaber:<\/strong><br>Medizinische Universit\u00e4t Innsbruck<br>Christoph Probst Platz 1<br>Innrain 52<br>A &#8211; 6020 Innsbruck<\/p>\n\n\n\n<p><strong>vertreten<\/strong> durch den Rektor Univ.-Prof. Dr.med.univ. Gert Mayer<\/p>\n\n\n\n<h4 class=\"wp-block-heading\">Inhaltliche Verantwortung:<\/h4>\n\n\n\n<p><a href=\"mailto:siegfried.kollotzek@i-med.ac.at\">Assistenzprofessor Siegfried Kollotzek PhD<\/a><br>Corporate Design: <a href=\"http:\/\/www.zimmermann.at\/\" target=\"_blank\" rel=\"noreferrer noopener\">Zimmermann und Pupp<\/a><\/p>\n\n\n\n<h4 class=\"wp-block-heading\">Technische Verantwortung: &nbsp;<\/h4>\n\n\n\n<p><a rel=\"noreferrer noopener\" target=\"_blank\" href=\"https:\/\/www.i-med.ac.at\/it\/\">Abteilung Informationstechnologie<\/a> der Medizinischen Universit\u00e4t Innsbruck<\/p>\n\n\n\n<h4 class=\"wp-block-heading\">Verantwortung f\u00fcr Subdomains:<\/h4>\n\n\n\n<p>Department, Sektionen, Univ.-Kliniken und Organisationseinheiten der &nbsp;Medizinischen Universit\u00e4t Innsbruck k\u00f6nnen eigene Subserver und \u2013Domains betreiben, f\u00fcr deren Inhalt sie auch verantwortlich sind. Bitte wenden Sie sich an die inhaltlich Verantwortlichen der jeweiligen Seite.<\/p>\n\n\n\n<p>F\u00fcr allgemeine Fragen zu diesen Webseiten wenden Sie sich bitte an <a href=\"mailto:i-master@i-med.ac.at\">i-master@i-med.ac.at<\/a><\/p>\n\n\n\n<h4 class=\"wp-block-heading\">Aufsichtsbeh\u00f6rde der Medizinischen Universit\u00e4t Innsbruck:<\/h4>\n\n\n\n<p><a rel=\"noreferrer noopener\" target=\"_blank\" href=\"http:\/\/www.bmbwf.gv.at\/\">Bundesministerium f\u00fcr Bildung, Wissenschaft und Forschung<\/a><\/p>\n\n\n\n<h4 class=\"wp-block-heading\">Umsatzsteuer-Identifikationsnummern (UID) der Medizinischen Universit\u00e4t Innsbruck:<\/h4>\n\n\n\n<p>ATU 57495455 gesamte Medizinische Universit\u00e4t Innsbruck u. \u00a727-Projekte<br>ATU 57495534 nur f\u00fcr \u00a726-Projekte<\/p>\n\n\n\n<h4 class=\"wp-block-heading\">Haftung<\/h4>\n\n\n\n<p>Diese Website informiert die \u00d6ffentlichkeit \u00fcber Forschung, Lehre und PatientInnenversorgung an der Medizinischen Universit\u00e4t Innsbruck.<\/p>\n\n\n\n<p>Die Webseiten werden mit Sorgfalt bearbeitet. Sowohl f\u00fcr die Auswahl der einzelnen Verweise wie f\u00fcr die Beitr\u00e4ge auf den Unterseiten kann f\u00fcr Vollst\u00e4ndigkeit, Auswahl und inhaltliche Richtigkeit der Informationen keine Haftung \u00fcbernommen werden. Der Betreiber kann f\u00fcr fremde Inhalte, die durch die angebotenen Webseiten und Inhalte erreichbar sind (Links) keine Haftung \u00fcbernehmen.<\/p>\n\n\n\n<p>Die Webseiten k\u00f6nnen insbesondere die pers\u00f6nliche Beratung im konkreten Einzelfall nicht ersetzen. Durch die zur Verf\u00fcgung gestellten Informationen wird kein wie immer geartetes Rechtsverh\u00e4ltnis zwischen der Medizinischen Universit\u00e4t Innsbruck und dem\/der Nutzer\/in begr\u00fcndet.<\/p>\n\n\n\n<p>Dieser Haftungsausschluss ist als Teil des Internetangebotes zu betrachten, von dem aus auf diese Seite verwiesen wurde.<\/p>\n\n\n\n<h4 class=\"wp-block-heading\">Copyright<\/h4>\n\n\n\n<p>Die auf den Webseiten der Medizinischen Universit\u00e4t Innsbruck ver\u00f6ffentlichten Beitr\u00e4ge sind urheberrechtlich gesch\u00fctzt.<\/p>\n\n\n\n<p>Die Nutzungsrechte an Texten, Bildern, Grafiken, Design und Quellcode von <a href=\"https:\/\/www.i-med.ac.at\">https:\/\/www.i-med.ac.at<\/a> &nbsp;und allen ihren Subseiten liegen bei der Medizinischen Universit\u00e4t Innsbruck bzw. den jeweiligen Autor\/inn\/en der betreffenden Seiten.<\/p>\n\n\n\n<p>Die Erstellung, Verwendung und Weitergabe von Kopien der vorstehend genannten Inhalte in elektronischer oder gedruckter Form ist erlaubt, wenn der Inhalte unver\u00e4ndert und die Quelle angegeben wird.<\/p>\n\n\n\n<p>Die Verwendung des markenrechtlich und urheberrechtlich gesch\u00fctzten Logos der Medizinischen Universit\u00e4t Innsbruck ist ohne vorherige schriftliche Zustimmung der Medizinischen Universit\u00e4t Innsbruck nicht gestattet.<\/p>\n\n\n\n<p>Jede unberechtigte Vervielf\u00e4ltigung und\/oder Verbreitung dieser Seiten stellt eine Verletzung des \u00d6sterreichischen Urheberrechtsgesetzes (UrhG) dar.<\/p>\n\n\n\n<h4 class=\"wp-block-heading\">Aufgaben der Medizinischen Universit\u00e4t Innsbruck<\/h4>\n\n\n\n<p>Gem\u00e4\u00df \u00a7 3 Universit\u00e4tsgesetz 2002 erf\u00fcllt die Medizinische Universit\u00e4t Innsbruck im Rahmen ihres Wirkungsbereichs folgende Aufgaben:<\/p>\n\n\n\n<p>1. Entwicklung der Wissenschaften (Forschung und Lehre), Entwicklung und Erschlie\u00dfung der Kunst sowie Lehre der Kunst;<\/p>\n\n\n\n<p>2. Bildung durch Wissenschaft und durch die Entwicklung und Erschlie\u00dfung der K\u00fcnste;<\/p>\n\n\n\n<p>3. wissenschaftliche, k\u00fcnstlerische, k\u00fcnstlerisch-p\u00e4dagogische und k\u00fcnstlerisch-wissenschaftliche Berufsvorbildung, Qualifizierung f\u00fcr berufliche T\u00e4tigkeiten, die eine Anwendung wissenschaftlicher Erkenntnisse und Methoden erfordern, sowie Ausbildung der k\u00fcnstlerischen und wissenschaftlichen F\u00e4higkeiten bis zur h\u00f6chsten Stufe;<\/p>\n\n\n\n<p>4. Heranbildung und F\u00f6rderung des wissenschaftlichen und k\u00fcnstlerischen Nachwuchses;<\/p>\n\n\n\n<p>5. Weiterbildung, insbesondere der Absolventinnen und Absolventen von Universit\u00e4ten und von P\u00e4dagoginnen und P\u00e4dagogen;<\/p>\n\n\n\n<p>6. Koordinierung der wissenschaftlichen Forschung (Entwicklung und Erschlie\u00dfung der K\u00fcnste) und der Lehre innerhalb der Universit\u00e4t;<\/p>\n\n\n\n<p>7. Unterst\u00fctzung der nationalen und internationalen Zusammenarbeit im Bereich der wissenschaftlichen Forschung und Lehre sowie der Kunst;<\/p>\n\n\n\n<p>8. Unterst\u00fctzung der Nutzung und Umsetzung ihrer Forschungsergebnisse in der Praxis und Unterst\u00fctzung der gesellschaftlichen Einbindung von Ergebnissen der Entwicklung und Erschlie\u00dfung der K\u00fcnste;<\/p>\n\n\n\n<p>9. Gleichstellung von Frauen und M\u00e4nnern und Frauenf\u00f6rderung;<\/p>\n\n\n\n<p>10. Pflege der Kontakte zu den Absolventinnen und Absolventen;<\/p>\n\n\n\n<p>11. Information der \u00d6ffentlichkeit \u00fcber die Erf\u00fcllung der Aufgaben der Universit\u00e4ten.<\/p>\n\n\n\n<h4 class=\"wp-block-heading\">Offenlegung gem\u00e4\u00df \u00a725 Mediengesetz<\/h4>\n\n\n\n<p><strong>Medieninhaber:<\/strong><br>Medizinische Universit\u00e4t Innsbruck<br>Christoph Probst Platz 1<br>Innrain 52<br>A &#8211; 6020 Innsbruck<\/p>\n\n\n\n<h4 class=\"wp-block-heading\">Amtssignatur<\/h4>\n\n\n\n<p><a href=\"https:\/\/www.i-med.ac.at\/universitaet\/amtssignatur.html\">Informationen zur Amtssignatur &#8211; Bildmarke der Medizinischen Universit\u00e4t Innsbruck<\/a><\/p>\n\n\n\n<p><strong>Unternehmensgegenstand:<\/strong> gem. Aufgabendefinition in \u00a7 3 Universit\u00e4tsgesetz 2002<\/p>\n\n\n\n<p><strong><a href=\"https:\/\/www.i-med.ac.at\/datenschutz\/\">Datenschutzbeauftragter der Medizinischen Universit\u00e4t Innsbruck<\/a>:<\/strong><\/p>\n\n\n\n<p>Herr Mag. Georg Fellner LL.M. Rechtsanwalt bei bkp (Brauneis Klauser Pr\u00e4ndl Rechtsanw\u00e4lte GmbH), Wien<br>E-Mail: <a href=\"mailto:datenschutzbeauftragter@i-med.ac.at\">datenschutzbeauftragter@i-med.ac.at<\/a><br>Zur <a href=\"https:\/\/www.i-med.ac.at\/universitaet\/datenschutzerklaerung.html\">Datenschutzerkl\u00e4rung <\/a>der Medizinischen Universit\u00e4t Innsbruck<\/p>\n\n\n\n<p>Zur <a href=\"https:\/\/www.i-med.ac.at\/universitaet\/barrierefreiheiterklaerung.html\">Erkl\u00e4rung des barrierefreien Zugang zu Websites<\/a> der Medizinischen Universit\u00e4t Innsbruck<\/p>\n","protected":false},"excerpt":{"rendered":"<p>Impressum und Offenlegung Impressum Medieninhaber:Medizinische Universit\u00e4t InnsbruckChristoph Probst Platz 1Innrain 52A &#8211; 6020 Innsbruck vertreten durch den Rektor Univ.-Prof. Dr.med.univ. Gert Mayer Inhaltliche Verantwortung: Assistenzprofessor Siegfried Kollotzek PhDCorporate Design: Zimmermann und Pupp Technische Verantwortung: &nbsp; Abteilung Informationstechnologie der Medizinischen Universit\u00e4t Innsbruck Verantwortung f\u00fcr Subdomains: Department, Sektionen, Univ.-Kliniken und Organisationseinheiten der &nbsp;Medizinischen Universit\u00e4t Innsbruck k\u00f6nnen eigene [&hellip;]<\/p>\n","protected":false},"author":2,"featured_media":0,"parent":0,"menu_order":0,"comment_status":"closed","ping_status":"closed","template":"","meta":{"footnotes":""},"class_list":["post-28","page","type-page","status-publish","hentry"],"_links":{"self":[{"href":"https:\/\/igrt-lab.i-med.ac.at\/index.php\/wp-json\/wp\/v2\/pages\/28","targetHints":{"allow":["GET"]}}],"collection":[{"href":"https:\/\/igrt-lab.i-med.ac.at\/index.php\/wp-json\/wp\/v2\/pages"}],"about":[{"href":"https:\/\/igrt-lab.i-med.ac.at\/index.php\/wp-json\/wp\/v2\/types\/page"}],"author":[{"embeddable":true,"href":"https:\/\/igrt-lab.i-med.ac.at\/index.php\/wp-json\/wp\/v2\/users\/2"}],"replies":[{"embeddable":true,"href":"https:\/\/igrt-lab.i-med.ac.at\/index.php\/wp-json\/wp\/v2\/comments?post=28"}],"version-history":[{"count":2,"href":"https:\/\/igrt-lab.i-med.ac.at\/index.php\/wp-json\/wp\/v2\/pages\/28\/revisions"}],"predecessor-version":[{"id":31,"href":"https:\/\/igrt-lab.i-med.ac.at\/index.php\/wp-json\/wp\/v2\/pages\/28\/revisions\/31"}],"wp:attachment":[{"href":"https:\/\/igrt-lab.i-med.ac.at\/index.php\/wp-json\/wp\/v2\/media?parent=28"}],"curies":[{"name":"wp","href":"https:\/\/api.w.org\/{rel}","templated":true}]}}